{"id":51,"date":"2021-04-04T17:58:42","date_gmt":"2021-04-04T17:58:42","guid":{"rendered":"http:\/\/br530.teste.website\/~legad946\/becodaesperanca.org\/?page_id=51"},"modified":"2022-01-22T05:05:12","modified_gmt":"2022-01-22T05:05:12","slug":"processo-de-adocao","status":"publish","type":"page","link":"https:\/\/becodaesperanca.org\/?page_id=51","title":{"rendered":"ADOTE"},"content":{"rendered":"\n<p>O processo de ado\u00e7\u00e3o dos gatinhos do Beco da Esperan\u00e7a segue as seguintes etapas:<\/p>\n\n\n\n<p>1 &#8211; Preenchimento do <a href=\"https:\/\/forms.gle\/5usa77fe5fB2sQR49\">cadastro<\/a> para pedidos de ado\u00e7\u00e3o;<\/p>\n\n\n\n<p>2 &#8211; Aguardar o retorno da respons\u00e1vel pelo processo de ado\u00e7\u00e3o dos gatinhos;<\/p>\n\n\n\n<p>3 &#8211; Passar pela entrevista de avalia\u00e7\u00e3o do perfil e valida\u00e7\u00e3o dos dados cadastrados;<\/p>\n\n\n\n<p>4 &#8211; Tendo o cadastro aprovado, encaminhar via whatsapp c\u00f3pia do RG, CPF e comprovante de resid\u00eancia;<\/p>\n\n\n\n<p>5 &#8211; Ap\u00f3s aprova\u00e7\u00e3o do cadastro e envio dos documentos ser\u00e1 agendada visita \u00e0 ONG para conhecer os gatinhos;<\/p>\n\n\n\n<p>6 &#8211; Durante a visita o candidato \u00e0 ado\u00e7\u00e3o deve levar:<\/p>\n\n\n\n<ul class=\"wp-block-list\" id=\"block-cd431817-a28f-49e2-aea3-2c75a19d282c\"><li>Caixa de transporte (oficial para transporte de gatos) com mantinha de microfibra dentro;<\/li><li>Aos que puderem contribuir, pedimos a doa\u00e7\u00e3o de sach\u00eas Whiskas ou Friskies para os gatinhos que continuar\u00e3o no Beco da Esperan\u00e7a.<\/li><\/ul>\n\n\n\n<p> <strong>CONHE\u00c7A ALGUNS GATINHOS QUE EST\u00c3O APTOS PARA ADO\u00c7\u00c3O: <\/strong><\/p>\n\n\n\n<p><a href=\"https:\/\/becodaesperanca.org\/?cat=6\">ADO\u00c7\u00c3O DE GATOS ADULTOS<\/a><\/p>\n\n\n\n<p><a href=\"https:\/\/becodaesperanca.org\/?cat=5\">ADO\u00c7\u00c3O DE GATOS FILHOTES<\/a><\/p>\n\n\n\n<p><a href=\"https:\/\/becodaesperanca.org\/?cat=11\">ADO\u00c7\u00c3O DE GATOS FIV\/FELV e RENAIS<\/a><\/p>\n","protected":false},"excerpt":{"rendered":"<p>O processo de ado\u00e7\u00e3o dos gatinhos do Beco da Esperan\u00e7a segue as seguintes etapas: 1 &#8211; Preenchimento do cadastro para pedidos de ado\u00e7\u00e3o; 2 &#8211; Aguardar o retorno da respons\u00e1vel pelo processo de ado\u00e7\u00e3o dos gatinhos; 3 &#8211; Passar pela<\/p>\n","protected":false},"author":1,"featured_media":409,"parent":0,"menu_order":0,"comment_status":"closed","ping_status":"closed","template":"","meta":{"footnotes":""},"class_list":["post-51","page","type-page","status-publish","has-post-thumbnail","hentry"],"_links":{"self":[{"href":"https:\/\/becodaesperanca.org\/index.php?rest_route=\/wp\/v2\/pages\/51","targetHints":{"allow":["GET"]}}],"collection":[{"href":"https:\/\/becodaesperanca.org\/index.php?rest_route=\/wp\/v2\/pages"}],"about":[{"href":"https:\/\/becodaesperanca.org\/index.php?rest_route=\/wp\/v2\/types\/page"}],"author":[{"embeddable":true,"href":"https:\/\/becodaesperanca.org\/index.php?rest_route=\/wp\/v2\/users\/1"}],"replies":[{"embeddable":true,"href":"https:\/\/becodaesperanca.org\/index.php?rest_route=%2Fwp%2Fv2%2Fcomments&post=51"}],"version-history":[{"count":12,"href":"https:\/\/becodaesperanca.org\/index.php?rest_route=\/wp\/v2\/pages\/51\/revisions"}],"predecessor-version":[{"id":736,"href":"https:\/\/becodaesperanca.org\/index.php?rest_route=\/wp\/v2\/pages\/51\/revisions\/736"}],"wp:featuredmedia":[{"embeddable":true,"href":"https:\/\/becodaesperanca.org\/index.php?rest_route=\/wp\/v2\/media\/409"}],"wp:attachment":[{"href":"https:\/\/becodaesperanca.org\/index.php?rest_route=%2Fwp%2Fv2%2Fmedia&parent=51"}],"curies":[{"name":"wp","href":"https:\/\/api.w.org\/{rel}","templated":true}]}}