{"id":402,"date":"2021-07-04T02:17:35","date_gmt":"2021-07-04T02:17:35","guid":{"rendered":"http:\/\/br530.teste.website\/~legad946\/becodaesperanca.org\/?page_id=402"},"modified":"2022-01-22T03:43:55","modified_gmt":"2022-01-22T03:43:55","slug":"apadrinhe-um-gatinho","status":"publish","type":"page","link":"https:\/\/becodaesperanca.org\/?page_id=402","title":{"rendered":"APADRINHE"},"content":{"rendered":"\n<div id=\"section-g9a7389\" class=\"wp-block-gutentor-e6 section-g9a7389 gutentor-element gutentor-element-image\"><div class=\"gutentor-element-image-box\"><div class=\"gutentor-image-thumb\"><img decoding=\"async\" class=\"normal-image\" src=\"https:\/\/becodaesperanca.org\/wp-content\/uploads\/2022\/01\/apadrinhamento-1-300x242-1.jpeg\"\/><\/div><\/div><\/div>\n\n\n\n<p>O Projeto de Apadrinhamento de Gatinhos do Beco da Esperan\u00e7a tem como objetivo ajudar a custear os gastos b\u00e1sicos, como alimenta\u00e7\u00e3o, atendimento m\u00e9dico e odontol\u00f3gico, exames, cirurgias, medicamentos, granulado higi\u00eanico e, tamb\u00e9m, para a manuten\u00e7\u00e3o geral da ONG.<\/p>\n\n\n\n<p><strong>Os valores s\u00e3o diferenciados de acordo com cada situa\u00e7\u00e3o:<\/strong><\/p>\n\n\n\n<ul class=\"wp-block-list\" id=\"block-58c3ee64-d251-465f-9494-26b4a5ba3d6e\"><li>Gatinhos saud\u00e1veis;<\/li><li>Gatinhos portadores de FIV\/FELV;<\/li><li>Gatinhos portadores de PIF;<\/li><li>Gatinhos portadores de doen\u00e7as renais;<\/li><li>Gatinhos enfermos em casos cir\u00fargicos;<\/li><li>Gatinhos a serem castrados;<\/li><li>Gatinhos a serem testados FIV\/FELV;<\/li><li>Gatinhos em tratamento por motivos diversos.<\/li><\/ul>\n\n\n\n<p><strong>Valores m\u00ednimos para apadrinhamento:<\/strong><br>Gatinho saud\u00e1vel: R$80,00 ou meio apadrinhamento R$40,00.<br>Gatinhos FIV ou FELV: R$120,00 ou meio apadrinhamento R$60,00.<br>Gata m\u00e3e: R$100,00 ou meio apadrinhamento R$50,00<br>Grupos de gatinho em tratamento valor m\u00ednimo: R$50,00.<br>Grupo bucal valor m\u00ednimo: R$50,00.<\/p>\n\n\n\n<p><strong>Como apadrinhar um gatinho:<\/strong><\/p>\n\n\n\n<ul class=\"wp-block-list\" id=\"block-1d63f6b7-e8ac-4212-9a0a-b4262e4f966e\"><li>Acesse o Insta&nbsp;<a href=\"https:\/\/www.instagram.com\/afilhadosbeco\/\">@afilhadosbeco<\/a>&nbsp;para conhecer os gatinhos que ainda n\u00e3o foram apadrinhados;<\/li><li>Envie um&nbsp;<em>direct<\/em>&nbsp;para dar continuidade ao processo de apadrinhamento;<\/li><li>O apadrinhamento consiste no comprometimento de realizar a doa\u00e7\u00e3o mensalmente do valor escolhido;<\/li><li>Na data acordada, efetue o dep\u00f3sito\/transfer\u00eancia\/Pix do valor escolhido em uma das contas do Beco da Esperan\u00e7a;<\/li><li>Encaminhe o comprovante pelo Whats do projeto que ser\u00e1 lhe informado na ocasi\u00e3o do apadrinhamento;<\/li><li>Por favor, nos avise antecipadamente nos meses em que, por ventura, n\u00e3o for poss\u00edvel realizar a doa\u00e7\u00e3o mensal.<\/li><\/ul>\n\n\n\n<p><strong>Contrapartida:<\/strong><\/p>\n\n\n\n<ul class=\"wp-block-list\" id=\"block-1d63f6b7-e8ac-4212-9a0a-b4262e4f966e\"><li>Voc\u00ea receber\u00e1 fotos e v\u00eddeos mensalmente do seu afilhado pelo Whats;<\/li><li>Ser\u00e1 informado sobre o estado de sa\u00fade do seu afilhado e quando ele for adotado ou ter falecido;<\/li><li>Estar\u00e1 ajudando n\u00e3o apenas o seu afilhado, mas, os mais de 400 gatos que vivem no Beco da Esperan\u00e7a a terem uma vida melhor!<\/li><\/ul>\n\n\n\n<p><strong>Contas Banc\u00e1rias do Beco da Esperan\u00e7a:<\/strong><\/p>\n\n\n\n<div id=\"section-g44019d\" class=\"wp-block-gutentor-e6 section-g44019d gutentor-element gutentor-element-image\"><div class=\"gutentor-element-image-box\"><div class=\"gutentor-image-thumb\"><img decoding=\"async\" class=\"normal-image\" src=\"https:\/\/becodaesperanca.org\/wp-content\/uploads\/2022\/01\/WhatsApp-Image-2022-01-21-at-23.59.04-e1642820519216.jpeg\"\/><\/div><\/div><\/div>\n","protected":false},"excerpt":{"rendered":"<p>O Projeto de Apadrinhamento de Gatinhos do Beco da Esperan\u00e7a tem como objetivo ajudar a custear os gastos b\u00e1sicos, como alimenta\u00e7\u00e3o, atendimento m\u00e9dico e odontol\u00f3gico, exames, cirurgias, medicamentos, granulado higi\u00eanico e, tamb\u00e9m, para a manuten\u00e7\u00e3o geral da ONG. Os valores<\/p>\n","protected":false},"author":1,"featured_media":403,"parent":0,"menu_order":0,"comment_status":"closed","ping_status":"closed","template":"","meta":{"footnotes":""},"class_list":["post-402","page","type-page","status-publish","has-post-thumbnail","hentry"],"_links":{"self":[{"href":"https:\/\/becodaesperanca.org\/index.php?rest_route=\/wp\/v2\/pages\/402","targetHints":{"allow":["GET"]}}],"collection":[{"href":"https:\/\/becodaesperanca.org\/index.php?rest_route=\/wp\/v2\/pages"}],"about":[{"href":"https:\/\/becodaesperanca.org\/index.php?rest_route=\/wp\/v2\/types\/page"}],"author":[{"embeddable":true,"href":"https:\/\/becodaesperanca.org\/index.php?rest_route=\/wp\/v2\/users\/1"}],"replies":[{"embeddable":true,"href":"https:\/\/becodaesperanca.org\/index.php?rest_route=%2Fwp%2Fv2%2Fcomments&post=402"}],"version-history":[{"count":5,"href":"https:\/\/becodaesperanca.org\/index.php?rest_route=\/wp\/v2\/pages\/402\/revisions"}],"predecessor-version":[{"id":716,"href":"https:\/\/becodaesperanca.org\/index.php?rest_route=\/wp\/v2\/pages\/402\/revisions\/716"}],"wp:featuredmedia":[{"embeddable":true,"href":"https:\/\/becodaesperanca.org\/index.php?rest_route=\/wp\/v2\/media\/403"}],"wp:attachment":[{"href":"https:\/\/becodaesperanca.org\/index.php?rest_route=%2Fwp%2Fv2%2Fmedia&parent=402"}],"curies":[{"name":"wp","href":"https:\/\/api.w.org\/{rel}","templated":true}]}}