{"id":29,"date":"2021-04-04T17:17:59","date_gmt":"2021-04-04T17:17:59","guid":{"rendered":"http:\/\/br530.teste.website\/~legad946\/becodaesperanca.org\/?page_id=29"},"modified":"2021-07-14T20:15:45","modified_gmt":"2021-07-14T20:15:45","slug":"quem-somos","status":"publish","type":"page","link":"https:\/\/becodaesperanca.org\/?page_id=29","title":{"rendered":"QUEM SOMOS"},"content":{"rendered":"\n<p>Tudo come\u00e7ou quando em 2002, a Lucia, hoje conhecida como a Lucia dos gatos, chegou a 120 gatos em casa e logo come\u00e7ou, tamb\u00e9m a recolher c\u00e3es.<\/p>\n\n\n\n<p>Tr\u00eas anos depois, em 2005, ela construiu sozinha os primeiros gatis nos fundos do terreno da casa em que vivia com a fam\u00edlia.<\/p>\n\n\n\n<p>At\u00e9 que, em 2006, surgiu uma gatinha perdida na Biblioteca P\u00fablica e l\u00e1 foi a Dona Lucia acompanhada de umas dez pessoas para ajudar a resgatar a gatinha que posteriormente foi doada para uma pessoa pr\u00f3xima e passou a se chamar Ana Terra.<\/p>\n\n\n\n<p>Dentre as pessoas que ajudaram no resgate estava a Helena Lemos, que se prontificou a levar a gatinha ao veterin\u00e1rio, a princ\u00edpio para tentar uma ado\u00e7\u00e3o.<\/p>\n\n\n\n<p>Pensando na possibilidade de ver a gatinha passando dias e dias presa em uma gaiola at\u00e9 que fosse adotada, Lucia ficou com d\u00f3 e pediu que a Helena a levasse para o gatil em sua casa.<\/p>\n\n\n\n<p>E foi assim que tudo come\u00e7ou, embora na ocasi\u00e3o, Lucia tivesse dito que a condi\u00e7\u00e3o seria n\u00e3o aumentar a quantidade de animais \u2013 o que foi prontamente acordado pela Helena.<\/p>\n\n\n\n<p>Ledo engano \u2013 hoje temos 360 gatinhos acolhidos pelo Beco da Esperan\u00e7a, nome carinhosamente dado pela ent\u00e3o, volunt\u00e1ria, Arizana, ao dizer que ali n\u00e3o era um beco sem sa\u00edda, mas, sim, um beco da esperan\u00e7a para muitos gatinhos.<\/p>\n\n\n\n<p><strong>Divisor de \u00e1guas<\/strong><br>Em 2008, Lucia e a fam\u00edlia se mudaram da casa em que viviam no mesmo terreno do gatil, disponibilizando todo o terreno para o acolhimento dos animais.<\/p>\n\n\n\n<p>Hoje, o Beco da Esperan\u00e7a \u00e9 mantido somente por doa\u00e7\u00f5es, com o projeto de apadrinhamento, com as vendas do bazar, campanhas, bingos e eventos, que no momento n\u00e3o est\u00e3o sendo realizados devido \u00e0 pandemia.<\/p>\n\n\n\n<p>\u201cQuando eu era crian\u00e7a, fazia o enterro dos pintinhos da ch\u00e1cara em que eu morava, e, desde os meus seis anos de idade minha maior afinidade sempre foi com os gatos. E a compaix\u00e3o fazia com que eu resgatasse todos. No entanto, nunca pensei que a ONG iria acontecer depois. O importante para mim era salv\u00e1-los. Ent\u00e3o, eu precisava de um local para acolhe-los. E, foi assim desde sempre\u2026! No Beco eu pude e ainda posso realizar a minha vontade e a necessidade prim\u00e1ria deles. Por isso, o Beco \u00e9 para mim, um sonho realizado, uma satisfa\u00e7\u00e3o de dedicar a minha vida a eles\u201d.  &#8211; Maria Lucia Pascoto Verd\u00e9rio, Presidente do Beco da Esperan\u00e7a.<\/p>\n","protected":false},"excerpt":{"rendered":"<p>Tudo come\u00e7ou quando em 2002, a Lucia, hoje conhecida como a Lucia dos gatos, chegou a 120 gatos em casa e logo come\u00e7ou, tamb\u00e9m a recolher c\u00e3es. Tr\u00eas anos depois, em 2005, ela construiu sozinha os primeiros gatis nos fundos<\/p>\n","protected":false},"author":1,"featured_media":273,"parent":0,"menu_order":0,"comment_status":"closed","ping_status":"closed","template":"","meta":{"footnotes":""},"class_list":["post-29","page","type-page","status-publish","has-post-thumbnail","hentry"],"_links":{"self":[{"href":"https:\/\/becodaesperanca.org\/index.php?rest_route=\/wp\/v2\/pages\/29","targetHints":{"allow":["GET"]}}],"collection":[{"href":"https:\/\/becodaesperanca.org\/index.php?rest_route=\/wp\/v2\/pages"}],"about":[{"href":"https:\/\/becodaesperanca.org\/index.php?rest_route=\/wp\/v2\/types\/page"}],"author":[{"embeddable":true,"href":"https:\/\/becodaesperanca.org\/index.php?rest_route=\/wp\/v2\/users\/1"}],"replies":[{"embeddable":true,"href":"https:\/\/becodaesperanca.org\/index.php?rest_route=%2Fwp%2Fv2%2Fcomments&post=29"}],"version-history":[{"count":10,"href":"https:\/\/becodaesperanca.org\/index.php?rest_route=\/wp\/v2\/pages\/29\/revisions"}],"predecessor-version":[{"id":418,"href":"https:\/\/becodaesperanca.org\/index.php?rest_route=\/wp\/v2\/pages\/29\/revisions\/418"}],"wp:featuredmedia":[{"embeddable":true,"href":"https:\/\/becodaesperanca.org\/index.php?rest_route=\/wp\/v2\/media\/273"}],"wp:attachment":[{"href":"https:\/\/becodaesperanca.org\/index.php?rest_route=%2Fwp%2Fv2%2Fmedia&parent=29"}],"curies":[{"name":"wp","href":"https:\/\/api.w.org\/{rel}","templated":true}]}}