{"id":116,"date":"2021-04-11T14:54:18","date_gmt":"2021-04-11T14:54:18","guid":{"rendered":"http:\/\/br530.teste.website\/~legad946\/becodaesperanca.org\/?page_id=116"},"modified":"2021-07-14T20:55:44","modified_gmt":"2021-07-14T20:55:44","slug":"pagina-inicial","status":"publish","type":"page","link":"https:\/\/becodaesperanca.org\/","title":{"rendered":"P\u00e1gina Inicial"},"content":{"rendered":"\n<p>Bem-vindo(a) ao seu site! Est\u00e1 \u00e9 sua p\u00e1gina inicial, que \u00e9 a p\u00e1gina que a maioria dos visitantes vai ver quando acessarem o seu site pela primeira vez.<\/p>\n\n\n\n\n<p>MPBOX id=425<\/p>\n\n\n<p><\/p>\n","protected":false},"excerpt":{"rendered":"<p>Bem-vindo(a) ao seu site! Est\u00e1 \u00e9 sua p\u00e1gina inicial, que \u00e9 a p\u00e1gina que a maioria dos visitantes vai ver quando acessarem o seu site pela primeira vez. MPBOX id=425<\/p>\n","protected":false},"author":1,"featured_media":0,"parent":0,"menu_order":0,"comment_status":"closed","ping_status":"closed","template":"page-templates\/business.php","meta":{"footnotes":""},"class_list":["post-116","page","type-page","status-publish","hentry"],"_links":{"self":[{"href":"https:\/\/becodaesperanca.org\/index.php?rest_route=\/wp\/v2\/pages\/116","targetHints":{"allow":["GET"]}}],"collection":[{"href":"https:\/\/becodaesperanca.org\/index.php?rest_route=\/wp\/v2\/pages"}],"about":[{"href":"https:\/\/becodaesperanca.org\/index.php?rest_route=\/wp\/v2\/types\/page"}],"author":[{"embeddable":true,"href":"https:\/\/becodaesperanca.org\/index.php?rest_route=\/wp\/v2\/users\/1"}],"replies":[{"embeddable":true,"href":"https:\/\/becodaesperanca.org\/index.php?rest_route=%2Fwp%2Fv2%2Fcomments&post=116"}],"version-history":[{"count":10,"href":"https:\/\/becodaesperanca.org\/index.php?rest_route=\/wp\/v2\/pages\/116\/revisions"}],"predecessor-version":[{"id":435,"href":"https:\/\/becodaesperanca.org\/index.php?rest_route=\/wp\/v2\/pages\/116\/revisions\/435"}],"wp:attachment":[{"href":"https:\/\/becodaesperanca.org\/index.php?rest_route=%2Fwp%2Fv2%2Fmedia&parent=116"}],"curies":[{"name":"wp","href":"https:\/\/api.w.org\/{rel}","templated":true}]}}