{"id":107,"date":"2021-04-11T14:44:41","date_gmt":"2021-04-11T14:44:41","guid":{"rendered":"http:\/\/br530.teste.website\/~legad946\/becodaesperanca.org\/?page_id=107"},"modified":"2025-08-12T21:17:24","modified_gmt":"2025-08-12T21:17:24","slug":"doacoes-para-o-bazar","status":"publish","type":"page","link":"https:\/\/becodaesperanca.org\/?page_id=107","title":{"rendered":"BAZAR"},"content":{"rendered":"\n<p>Doa\u00e7\u00e3o de roupas, cal\u00e7ados, utens\u00edlios para o lar, m\u00f3veis e acess\u00f3rios para pets podem ser feitas no pr\u00f3prio bazar.<\/p>\n\n\n\n<p>Quinta: 11:30h \u00e0s 14h<\/p>\n\n\n\n<p>S\u00e1bados: 13h \u00e0s 16h<\/p>\n\n\n\n<p>Endere\u00e7o: Rua Pedro Pacheco, 81 &#8211; Uberaba &#8211; Curitiba &#8211; PR.<\/p>\n\n\n\n<p><\/p>\n","protected":false},"excerpt":{"rendered":"<p>Doa\u00e7\u00e3o de roupas, cal\u00e7ados, utens\u00edlios para o lar, m\u00f3veis e acess\u00f3rios para pets podem ser feitas no pr\u00f3prio bazar. Quinta: 11:30h \u00e0s 14h S\u00e1bados: 13h \u00e0s 16h Endere\u00e7o: Rua Pedro Pacheco, 81 &#8211; Uberaba &#8211; Curitiba &#8211; PR.<\/p>\n","protected":false},"author":1,"featured_media":376,"parent":0,"menu_order":0,"comment_status":"closed","ping_status":"closed","template":"","meta":{"footnotes":""},"class_list":["post-107","page","type-page","status-publish","has-post-thumbnail","hentry"],"_links":{"self":[{"href":"https:\/\/becodaesperanca.org\/index.php?rest_route=\/wp\/v2\/pages\/107","targetHints":{"allow":["GET"]}}],"collection":[{"href":"https:\/\/becodaesperanca.org\/index.php?rest_route=\/wp\/v2\/pages"}],"about":[{"href":"https:\/\/becodaesperanca.org\/index.php?rest_route=\/wp\/v2\/types\/page"}],"author":[{"embeddable":true,"href":"https:\/\/becodaesperanca.org\/index.php?rest_route=\/wp\/v2\/users\/1"}],"replies":[{"embeddable":true,"href":"https:\/\/becodaesperanca.org\/index.php?rest_route=%2Fwp%2Fv2%2Fcomments&post=107"}],"version-history":[{"count":14,"href":"https:\/\/becodaesperanca.org\/index.php?rest_route=\/wp\/v2\/pages\/107\/revisions"}],"predecessor-version":[{"id":810,"href":"https:\/\/becodaesperanca.org\/index.php?rest_route=\/wp\/v2\/pages\/107\/revisions\/810"}],"wp:featuredmedia":[{"embeddable":true,"href":"https:\/\/becodaesperanca.org\/index.php?rest_route=\/wp\/v2\/media\/376"}],"wp:attachment":[{"href":"https:\/\/becodaesperanca.org\/index.php?rest_route=%2Fwp%2Fv2%2Fmedia&parent=107"}],"curies":[{"name":"wp","href":"https:\/\/api.w.org\/{rel}","templated":true}]}}