{"id":103,"date":"2021-04-11T14:43:17","date_gmt":"2021-04-11T14:43:17","guid":{"rendered":"http:\/\/br530.teste.website\/~legad946\/becodaesperanca.org\/?page_id=103"},"modified":"2022-01-22T03:06:18","modified_gmt":"2022-01-22T03:06:18","slug":"doacoes-em-dinheiro","status":"publish","type":"page","link":"https:\/\/becodaesperanca.org\/?page_id=103","title":{"rendered":"RA\u00c7\u00d5ES E SACH\u00caS"},"content":{"rendered":"\n<p>Doa\u00e7\u00f5es de ra\u00e7\u00e3o seca e sach\u00eas, tamb\u00e9m podem ser feitas em nosso bazar. <\/p>\n\n\n\n<p>Quinta: 10h \u00e0s 13h S\u00e1bados: 10h \u00e0s 16h. Rua Pedro Pacheco, 81 \u2013 Uberaba.<\/p>\n\n\n\n<p>Veja as marcas de ra\u00e7\u00e3o e sach\u00eas que os gatinhos do Beco comem.<\/p>\n\n\n\n<p><\/p>\n\n\n\n<p class=\"has-text-align-center\"><strong>RECEBEMOS MUITAS DOA\u00c7\u00d5ES DE OUTROS SACH\u00caS, MAS, ELES N\u00c3O GOSTAM E S\u00d3 COMEM OS ABAIXO.<\/strong><\/p>\n\n\n\n<p class=\"has-text-align-center\"><strong>FRISKIES e WHISKAS (filhotes e adultos, todos os sabores)<\/strong><\/p>\n\n\n\n<p><\/p>\n\n\n\n<div class=\"wp-block-columns is-layout-flex wp-container-core-columns-is-layout-28f84493 wp-block-columns-is-layout-flex\">\n<div class=\"wp-block-column is-layout-flow wp-block-column-is-layout-flow\">\n<div id=\"section-gabac43\" class=\"wp-block-gutentor-e6 section-gabac43 gutentor-element gutentor-element-image\"><div class=\"gutentor-element-image-box\"><div class=\"gutentor-image-thumb\"><img decoding=\"async\" class=\"normal-image\" src=\"https:\/\/becodaesperanca.org\/wp-content\/uploads\/2022\/01\/friskies.jpg\"\/><\/div><\/div><\/div>\n<\/div>\n\n\n\n<div class=\"wp-block-column is-layout-flow wp-block-column-is-layout-flow\">\n<div id=\"section-g2ba567\" class=\"wp-block-gutentor-e6 section-g2ba567 gutentor-element gutentor-element-image\"><div class=\"gutentor-element-image-box\"><div class=\"gutentor-image-thumb\"><img decoding=\"async\" class=\"normal-image\" src=\"https:\/\/becodaesperanca.org\/wp-content\/uploads\/2022\/01\/Whiskas.jpg\"\/><\/div><\/div><\/div>\n<\/div>\n<\/div>\n\n\n\n<p><\/p>\n\n\n\n<p class=\"has-text-align-center\"><strong>ALIMENTO \u00daMIDO GOURMET<\/strong><\/p>\n\n\n\n<div class=\"wp-block-columns is-layout-flex wp-container-core-columns-is-layout-28f84493 wp-block-columns-is-layout-flex\">\n<div class=\"wp-block-column is-layout-flow wp-block-column-is-layout-flow\">\n<div id=\"section-g720696\" class=\"wp-block-gutentor-e6 section-g720696 gutentor-element gutentor-element-image\"><div class=\"gutentor-element-image-box\"><div class=\"gutentor-image-thumb\"><img decoding=\"async\" class=\"normal-image\" src=\"https:\/\/becodaesperanca.org\/wp-content\/uploads\/2022\/01\/saches-gourmet1-1.jpg\"\/><\/div><\/div><\/div>\n<\/div>\n\n\n\n<div class=\"wp-block-column is-layout-flow wp-block-column-is-layout-flow\">\n<div id=\"section-g8d9933\" class=\"wp-block-gutentor-e6 section-g8d9933 gutentor-element gutentor-element-image\"><div class=\"gutentor-element-image-box\"><div class=\"gutentor-image-thumb\"><img decoding=\"async\" class=\"normal-image\" src=\"https:\/\/becodaesperanca.org\/wp-content\/uploads\/2022\/01\/saches-gourmet2-1.jpg\"\/><\/div><\/div><\/div>\n<\/div>\n<\/div>\n\n\n\n<p class=\"has-text-align-center\"><strong>ALIMENTO \u00daMIDO MEDICAMENTOSO<\/strong><\/p>\n\n\n\n<div class=\"wp-block-columns is-layout-flex wp-container-core-columns-is-layout-28f84493 wp-block-columns-is-layout-flex\">\n<div class=\"wp-block-column is-layout-flow wp-block-column-is-layout-flow\">\n<div id=\"section-gc534ec\" class=\"wp-block-gutentor-e6 section-gc534ec gutentor-element gutentor-element-image\"><div class=\"gutentor-element-image-box\"><div class=\"gutentor-image-thumb\"><img decoding=\"async\" class=\"normal-image\" src=\"https:\/\/becodaesperanca.org\/wp-content\/uploads\/2022\/01\/SACHE-RENAL-ROYALL.jpg\"\/><\/div><\/div><\/div>\n<\/div>\n\n\n\n<div class=\"wp-block-column is-layout-flow wp-block-column-is-layout-flow\">\n<div id=\"section-g0af93e\" class=\"wp-block-gutentor-e6 section-g0af93e gutentor-element gutentor-element-image\"><div class=\"gutentor-element-image-box\"><div class=\"gutentor-image-thumb\"><img decoding=\"async\" class=\"normal-image\" src=\"https:\/\/becodaesperanca.org\/wp-content\/uploads\/2022\/01\/SACHE-URINARY-ROYAL-1.jpg\"\/><\/div><\/div><\/div>\n<\/div>\n<\/div>\n\n\n\n<div class=\"wp-block-columns is-layout-flex wp-container-core-columns-is-layout-28f84493 wp-block-columns-is-layout-flex\">\n<div class=\"wp-block-column is-layout-flow wp-block-column-is-layout-flow\">\n<div id=\"section-gf7711d\" class=\"wp-block-gutentor-e6 section-gf7711d gutentor-element gutentor-element-image\"><div class=\"gutentor-element-image-box\"><div class=\"gutentor-image-thumb\"><img decoding=\"async\" class=\"normal-image\" src=\"https:\/\/becodaesperanca.org\/wp-content\/uploads\/2022\/01\/Racao_Hills_Canine_Feline_Prescription_Diet_AD_Lata_-_156_g_3107868.jpg\"\/><\/div><\/div><\/div>\n<\/div>\n\n\n\n<div class=\"wp-block-column is-layout-flow wp-block-column-is-layout-flow\">\n<div id=\"section-g3dd2d8\" class=\"wp-block-gutentor-e6 section-g3dd2d8 gutentor-element gutentor-element-image\"><div class=\"gutentor-element-image-box\"><div class=\"gutentor-image-thumb\"><img decoding=\"async\" class=\"normal-image\" src=\"https:\/\/becodaesperanca.org\/wp-content\/uploads\/2022\/01\/recovery.jpg\"\/><\/div><\/div><\/div>\n<\/div>\n<\/div>\n\n\n\n<p class=\"has-text-align-center\"><strong>RA\u00c7\u00c3O SECA SUPER PREMIUM (GATOS ADULTOS)<\/strong><\/p>\n\n\n\n<div class=\"wp-block-columns is-layout-flex wp-container-core-columns-is-layout-28f84493 wp-block-columns-is-layout-flex\">\n<div class=\"wp-block-column is-layout-flow wp-block-column-is-layout-flow\">\n<div id=\"section-g1f3af0\" class=\"wp-block-gutentor-e6 section-g1f3af0 gutentor-element gutentor-element-image\"><div class=\"gutentor-element-image-box\"><div class=\"gutentor-image-thumb\"><img decoding=\"async\" class=\"normal-image\" src=\"https:\/\/becodaesperanca.org\/wp-content\/uploads\/2022\/01\/selecao-natural.jpg\"\/><\/div><\/div><\/div>\n<\/div>\n\n\n\n<div class=\"wp-block-column is-layout-flow wp-block-column-is-layout-flow\">\n<div id=\"section-g283c3b\" class=\"wp-block-gutentor-e6 section-g283c3b gutentor-element gutentor-element-image\"><div class=\"gutentor-element-image-box\"><div class=\"gutentor-image-thumb\"><img decoding=\"async\" class=\"normal-image\" src=\"https:\/\/becodaesperanca.org\/wp-content\/uploads\/2022\/01\/guabi-natural-adultos.jpg\"\/><\/div><\/div><\/div>\n<\/div>\n\n\n\n<div class=\"wp-block-column is-layout-flow wp-block-column-is-layout-flow\">\n<div id=\"section-gc4c47e\" class=\"wp-block-gutentor-e6 section-gc4c47e gutentor-element gutentor-element-image\"><div class=\"gutentor-element-image-box\"><div class=\"gutentor-image-thumb\"><img decoding=\"async\" class=\"normal-image\" src=\"https:\/\/becodaesperanca.org\/wp-content\/uploads\/2022\/01\/matisse.jpg\"\/><\/div><\/div><\/div>\n<\/div>\n<\/div>\n\n\n\n<p class=\"has-text-align-center\"><strong>RA\u00c7\u00c3O SECA SUPER PREMIUM (GATOS FILHOTES)<\/strong><\/p>\n\n\n\n<div class=\"wp-block-columns is-layout-flex wp-container-core-columns-is-layout-28f84493 wp-block-columns-is-layout-flex\">\n<div class=\"wp-block-column is-layout-flow wp-block-column-is-layout-flow\">\n<div id=\"section-gff1644\" class=\"wp-block-gutentor-e6 section-gff1644 gutentor-element gutentor-element-image\"><div class=\"gutentor-element-image-box\"><div class=\"gutentor-image-thumb\"><img decoding=\"async\" class=\"normal-image\" src=\"https:\/\/becodaesperanca.org\/wp-content\/uploads\/2022\/01\/filhotes-premier.jpg\"\/><\/div><\/div><\/div>\n<\/div>\n\n\n\n<div class=\"wp-block-column is-layout-flow wp-block-column-is-layout-flow\">\n<div id=\"section-g916c35\" class=\"wp-block-gutentor-e6 section-g916c35 gutentor-element gutentor-element-image\"><div class=\"gutentor-element-image-box\"><div class=\"gutentor-image-thumb\"><img decoding=\"async\" class=\"normal-image\" src=\"https:\/\/becodaesperanca.org\/wp-content\/uploads\/2022\/01\/filhotes-guabi.jpg\"\/><\/div><\/div><\/div>\n<\/div>\n\n\n\n<div class=\"wp-block-column is-layout-flow wp-block-column-is-layout-flow\">\n<div id=\"section-g6e4f3b\" class=\"wp-block-gutentor-e6 section-g6e4f3b gutentor-element gutentor-element-image\"><div class=\"gutentor-element-image-box\"><div class=\"gutentor-image-thumb\"><img decoding=\"async\" class=\"normal-image\" src=\"https:\/\/becodaesperanca.org\/wp-content\/uploads\/2022\/01\/matisse-filhotes.jpg\"\/><\/div><\/div><\/div>\n<\/div>\n<\/div>\n\n\n\n<p class=\"has-text-align-center\"><strong>RA\u00c7\u00c3O MEDICAMENTOSA<\/strong><\/p>\n\n\n\n<div class=\"wp-block-columns is-layout-flex wp-container-core-columns-is-layout-28f84493 wp-block-columns-is-layout-flex\">\n<div class=\"wp-block-column is-layout-flow wp-block-column-is-layout-flow\">\n<div id=\"section-gde10e5\" class=\"wp-block-gutentor-e6 section-gde10e5 gutentor-element gutentor-element-image\"><div class=\"gutentor-element-image-box\"><div class=\"gutentor-image-thumb\"><img decoding=\"async\" class=\"normal-image\" src=\"https:\/\/becodaesperanca.org\/wp-content\/uploads\/2022\/01\/urinary.jpg\"\/><\/div><\/div><\/div>\n<\/div>\n\n\n\n<div class=\"wp-block-column is-layout-flow wp-block-column-is-layout-flow\">\n<div id=\"section-gec2d4b\" class=\"wp-block-gutentor-e6 section-gec2d4b gutentor-element gutentor-element-image\"><div class=\"gutentor-element-image-box\"><div class=\"gutentor-image-thumb\"><img decoding=\"async\" class=\"normal-image\" src=\"https:\/\/becodaesperanca.org\/wp-content\/uploads\/2022\/01\/Racao_Royal_Canin_Veterinary_Diet_Urinary_Small_Dog_para_Caes_com_Doencas_Urinarias_3110247.jpg\"\/><\/div><\/div><\/div>\n<\/div>\n<\/div>\n\n\n\n<div class=\"wp-block-columns is-layout-flex wp-container-core-columns-is-layout-28f84493 wp-block-columns-is-layout-flex\">\n<div class=\"wp-block-column is-layout-flow wp-block-column-is-layout-flow\">\n<div id=\"section-gde4a9c\" class=\"wp-block-gutentor-e6 section-gde4a9c gutentor-element gutentor-element-image\"><div class=\"gutentor-element-image-box\"><div class=\"gutentor-image-thumb\"><img decoding=\"async\" class=\"normal-image\" src=\"https:\/\/becodaesperanca.org\/wp-content\/uploads\/2022\/01\/RENAL-VETLIFE.jpg\"\/><\/div><\/div><\/div>\n<\/div>\n\n\n\n<div class=\"wp-block-column is-layout-flow wp-block-column-is-layout-flow\">\n<div id=\"section-g5862be\" class=\"wp-block-gutentor-e6 section-g5862be gutentor-element gutentor-element-image\"><div class=\"gutentor-element-image-box\"><div class=\"gutentor-image-thumb\"><img decoding=\"async\" class=\"normal-image\" src=\"https:\/\/becodaesperanca.org\/wp-content\/uploads\/2022\/01\/ROYAL-RENAL.jpg\"\/><\/div><\/div><\/div>\n<\/div>\n<\/div>\n\n\n\n<p class=\"has-text-align-center\"><strong>QUEM PREFERIR FAZER DOA\u00c7\u00d5ES EM DINHEIRO, SEGUEM OS DADOS ABAIXO:<\/strong><\/p>\n\n\n\n<div id=\"section-g39468a\" class=\"wp-block-gutentor-e6 section-g39468a gutentor-element gutentor-element-image\"><div class=\"gutentor-element-image-box\"><div class=\"gutentor-image-thumb\"><img decoding=\"async\" class=\"normal-image\" src=\"https:\/\/becodaesperanca.org\/wp-content\/uploads\/2022\/01\/WhatsApp-Image-2022-01-21-at-23.59.04-e1642820519216.jpeg\"\/><\/div><\/div><\/div>\n","protected":false},"excerpt":{"rendered":"<p>Doa\u00e7\u00f5es de ra\u00e7\u00e3o seca e sach\u00eas, tamb\u00e9m podem ser feitas em nosso bazar. Quinta: 10h \u00e0s 13h S\u00e1bados: 10h \u00e0s 16h. Rua Pedro Pacheco, 81 \u2013 Uberaba. Veja as marcas de ra\u00e7\u00e3o e sach\u00eas que os gatinhos do Beco comem.<\/p>\n","protected":false},"author":1,"featured_media":379,"parent":0,"menu_order":0,"comment_status":"closed","ping_status":"closed","template":"","meta":{"footnotes":""},"class_list":["post-103","page","type-page","status-publish","has-post-thumbnail","hentry"],"_links":{"self":[{"href":"https:\/\/becodaesperanca.org\/index.php?rest_route=\/wp\/v2\/pages\/103","targetHints":{"allow":["GET"]}}],"collection":[{"href":"https:\/\/becodaesperanca.org\/index.php?rest_route=\/wp\/v2\/pages"}],"about":[{"href":"https:\/\/becodaesperanca.org\/index.php?rest_route=\/wp\/v2\/types\/page"}],"author":[{"embeddable":true,"href":"https:\/\/becodaesperanca.org\/index.php?rest_route=\/wp\/v2\/users\/1"}],"replies":[{"embeddable":true,"href":"https:\/\/becodaesperanca.org\/index.php?rest_route=%2Fwp%2Fv2%2Fcomments&post=103"}],"version-history":[{"count":25,"href":"https:\/\/becodaesperanca.org\/index.php?rest_route=\/wp\/v2\/pages\/103\/revisions"}],"predecessor-version":[{"id":702,"href":"https:\/\/becodaesperanca.org\/index.php?rest_route=\/wp\/v2\/pages\/103\/revisions\/702"}],"wp:featuredmedia":[{"embeddable":true,"href":"https:\/\/becodaesperanca.org\/index.php?rest_route=\/wp\/v2\/media\/379"}],"wp:attachment":[{"href":"https:\/\/becodaesperanca.org\/index.php?rest_route=%2Fwp%2Fv2%2Fmedia&parent=103"}],"curies":[{"name":"wp","href":"https:\/\/api.w.org\/{rel}","templated":true}]}}