{"id":100,"date":"2021-04-11T14:32:09","date_gmt":"2021-04-11T14:32:09","guid":{"rendered":"http:\/\/br530.teste.website\/~legad946\/becodaesperanca.org\/?page_id=100"},"modified":"2025-08-12T21:06:19","modified_gmt":"2025-08-12T21:06:19","slug":"doacoes-medicamentos-e-outros","status":"publish","type":"page","link":"https:\/\/becodaesperanca.org\/?page_id=100","title":{"rendered":"MEDICAMENTOS E OUTROS"},"content":{"rendered":"\n<p>Doa\u00e7\u00f5es de medicamentos, verm\u00edfugos, vitaminas, probi\u00f3ticos, suplementos alimentares (todos na validade) podem ser entregues em nosso  Bazar. <\/p>\n\n\n\n<p>Quinta: 11:30h \u00e0s 14h<\/p>\n\n\n\n<p>S\u00e1bados: 13h \u00e0s 16h<\/p>\n\n\n\n<p>Rua Pedro Pacheco, 81 \u2013 Uberaba.<\/p>\n\n\n\n<p class=\"has-text-align-left\"><strong>Veja os produtos que mais precisamos.<\/strong><\/p>\n\n\n\n<div class=\"wp-block-columns is-layout-flex wp-container-core-columns-is-layout-28f84493 wp-block-columns-is-layout-flex\">\n<div class=\"wp-block-column is-layout-flow wp-block-column-is-layout-flow\">\n<div id=\"section-g90721d\" class=\"wp-block-gutentor-e6 section-g90721d gutentor-element gutentor-element-image\"><div class=\"gutentor-element-image-box\"><div class=\"gutentor-image-thumb\"><img decoding=\"async\" class=\"normal-image\" src=\"https:\/\/becodaesperanca.org\/wp-content\/uploads\/2022\/01\/agemoxi.jpg\"\/><\/div><\/div><\/div>\n<\/div>\n\n\n\n<div class=\"wp-block-column is-layout-flow wp-block-column-is-layout-flow\">\n<div id=\"section-g964344\" class=\"wp-block-gutentor-e6 section-g964344 gutentor-element gutentor-element-image\"><div class=\"gutentor-element-image-box\"><div class=\"gutentor-image-thumb\"><img decoding=\"async\" class=\"normal-image\" src=\"https:\/\/becodaesperanca.org\/wp-content\/uploads\/2022\/01\/flamavet-comprimido.jpg\"\/><\/div><\/div><\/div>\n<\/div>\n\n\n\n<div class=\"wp-block-column is-layout-flow wp-block-column-is-layout-flow\">\n<div id=\"section-g55e1ce\" class=\"wp-block-gutentor-e6 section-g55e1ce gutentor-element gutentor-element-image\"><div class=\"gutentor-element-image-box\"><div class=\"gutentor-image-thumb\"><img decoding=\"async\" class=\"normal-image\" src=\"https:\/\/becodaesperanca.org\/wp-content\/uploads\/2022\/01\/flamavet-injetavel.jpg\"\/><\/div><\/div><\/div>\n<\/div>\n<\/div>\n\n\n\n<div class=\"wp-block-columns is-layout-flex wp-container-core-columns-is-layout-28f84493 wp-block-columns-is-layout-flex\">\n<div class=\"wp-block-column is-layout-flow wp-block-column-is-layout-flow\">\n<div id=\"section-gdcf2ab\" class=\"wp-block-gutentor-e6 section-gdcf2ab gutentor-element gutentor-element-image\"><div class=\"gutentor-element-image-box\"><div class=\"gutentor-image-thumb\"><img decoding=\"async\" class=\"normal-image\" src=\"https:\/\/becodaesperanca.org\/wp-content\/uploads\/2022\/01\/predsim-comprimido.jpg\"\/><\/div><\/div><\/div>\n<\/div>\n\n\n\n<div class=\"wp-block-column is-layout-flow wp-block-column-is-layout-flow\">\n<div id=\"section-g6e4655\" class=\"wp-block-gutentor-e6 section-g6e4655 gutentor-element gutentor-element-image\"><div class=\"gutentor-element-image-box\"><div class=\"gutentor-image-thumb\"><img decoding=\"async\" class=\"normal-image\" src=\"https:\/\/becodaesperanca.org\/wp-content\/uploads\/2022\/01\/predsim-liquido-1.jpg\"\/><\/div><\/div><\/div>\n<\/div>\n\n\n\n<div class=\"wp-block-column is-layout-flow wp-block-column-is-layout-flow\">\n<div id=\"section-g3bd055\" class=\"wp-block-gutentor-e6 section-g3bd055 gutentor-element gutentor-element-image\"><div class=\"gutentor-element-image-box\"><div class=\"gutentor-image-thumb\"><img decoding=\"async\" class=\"normal-image\" src=\"https:\/\/becodaesperanca.org\/wp-content\/uploads\/2022\/01\/petmilk.jpg\"\/><\/div><\/div><\/div>\n<\/div>\n<\/div>\n\n\n\n<div class=\"wp-block-columns is-layout-flex wp-container-core-columns-is-layout-28f84493 wp-block-columns-is-layout-flex\">\n<div class=\"wp-block-column is-layout-flow wp-block-column-is-layout-flow\">\n<div id=\"section-ga7f8f8\" class=\"wp-block-gutentor-e6 section-ga7f8f8 gutentor-element gutentor-element-image\"><div class=\"gutentor-element-image-box\"><div class=\"gutentor-image-thumb\"><img decoding=\"async\" class=\"normal-image\" src=\"https:\/\/becodaesperanca.org\/wp-content\/uploads\/2022\/01\/glicopan-gold.jpg\"\/><\/div><\/div><\/div>\n<\/div>\n\n\n\n<div class=\"wp-block-column is-layout-flow wp-block-column-is-layout-flow\">\n<div id=\"section-gf81bdc\" class=\"wp-block-gutentor-e6 section-gf81bdc gutentor-element gutentor-element-image\"><div class=\"gutentor-element-image-box\"><div class=\"gutentor-image-thumb\"><img decoding=\"async\" class=\"normal-image\" src=\"https:\/\/becodaesperanca.org\/wp-content\/uploads\/2022\/01\/vetmaxplus-comprimido.jpg\"\/><\/div><\/div><\/div>\n<\/div>\n\n\n\n<div class=\"wp-block-column is-layout-flow wp-block-column-is-layout-flow\">\n<div id=\"section-g48d26b\" class=\"wp-block-gutentor-e6 section-g48d26b gutentor-element gutentor-element-image\"><div class=\"gutentor-element-image-box\"><div class=\"gutentor-image-thumb\"><img decoding=\"async\" class=\"normal-image\" src=\"https:\/\/becodaesperanca.org\/wp-content\/uploads\/2022\/01\/vetmaxplus-liquido.jpg\"\/><\/div><\/div><\/div>\n<\/div>\n<\/div>\n\n\n\n<div class=\"wp-block-columns is-layout-flex wp-container-core-columns-is-layout-28f84493 wp-block-columns-is-layout-flex\">\n<div class=\"wp-block-column is-layout-flow wp-block-column-is-layout-flow\">\n<div id=\"section-g45c5be\" class=\"wp-block-gutentor-e6 section-g45c5be gutentor-element gutentor-element-image\"><div class=\"gutentor-element-image-box\"><div class=\"gutentor-image-thumb\"><img decoding=\"async\" class=\"normal-image\" src=\"https:\/\/becodaesperanca.org\/wp-content\/uploads\/2022\/01\/vetnil.jpg\"\/><\/div><\/div><\/div>\n<\/div>\n\n\n\n<div class=\"wp-block-column is-layout-flow wp-block-column-is-layout-flow\">\n<div id=\"section-gbdd80a\" class=\"wp-block-gutentor-e6 section-gbdd80a gutentor-element gutentor-element-image\"><div class=\"gutentor-element-image-box\"><div class=\"gutentor-image-thumb\"><img decoding=\"async\" class=\"normal-image\" src=\"https:\/\/becodaesperanca.org\/wp-content\/uploads\/2022\/01\/ourofino.jpg\"\/><\/div><\/div><\/div>\n<\/div>\n\n\n\n<div class=\"wp-block-column is-layout-flow wp-block-column-is-layout-flow\">\n<div id=\"section-g77c1e3\" class=\"wp-block-gutentor-e6 section-g77c1e3 gutentor-element gutentor-element-image\"><div class=\"gutentor-element-image-box\"><div class=\"gutentor-image-thumb\"><img decoding=\"async\" class=\"normal-image\" src=\"https:\/\/becodaesperanca.org\/wp-content\/uploads\/2022\/01\/promuncat.jpg\"\/><\/div><\/div><\/div>\n<\/div>\n<\/div>\n\n\n\n<p class=\"has-text-align-center\"><strong>QUEM PREFERIR FAZER DOA\u00c7\u00d5ES EM DINHEIRO, SEGUEM OS DADOS ABAIXO:<\/strong><\/p>\n\n\n\n<div class=\"wp-block-group alignwide is-layout-flow wp-block-group-is-layout-flow\">\n<div id=\"section-g9e2a7a\" class=\"wp-block-gutentor-e6 alignwide section-g9e2a7a gutentor-element gutentor-element-image\"><div class=\"gutentor-element-image-box\"><div class=\"gutentor-image-thumb\"><img decoding=\"async\" class=\"normal-image\" src=\"https:\/\/becodaesperanca.org\/wp-content\/uploads\/2022\/01\/WhatsApp-Image-2022-01-21-at-23.59.04-e1642820519216.jpeg\"\/><\/div><\/div><\/div>\n<\/div>\n","protected":false},"excerpt":{"rendered":"<p>Doa\u00e7\u00f5es de medicamentos, verm\u00edfugos, vitaminas, probi\u00f3ticos, suplementos alimentares (todos na validade) podem ser entregues em nosso Bazar. Quinta: 11:30h \u00e0s 14h S\u00e1bados: 13h \u00e0s 16h Rua Pedro Pacheco, 81 \u2013 Uberaba. Veja os produtos que mais precisamos. QUEM PREFERIR FAZER<\/p>\n","protected":false},"author":1,"featured_media":366,"parent":0,"menu_order":0,"comment_status":"closed","ping_status":"closed","template":"","meta":{"footnotes":""},"class_list":["post-100","page","type-page","status-publish","has-post-thumbnail","hentry"],"_links":{"self":[{"href":"https:\/\/becodaesperanca.org\/index.php?rest_route=\/wp\/v2\/pages\/100","targetHints":{"allow":["GET"]}}],"collection":[{"href":"https:\/\/becodaesperanca.org\/index.php?rest_route=\/wp\/v2\/pages"}],"about":[{"href":"https:\/\/becodaesperanca.org\/index.php?rest_route=\/wp\/v2\/types\/page"}],"author":[{"embeddable":true,"href":"https:\/\/becodaesperanca.org\/index.php?rest_route=\/wp\/v2\/users\/1"}],"replies":[{"embeddable":true,"href":"https:\/\/becodaesperanca.org\/index.php?rest_route=%2Fwp%2Fv2%2Fcomments&post=100"}],"version-history":[{"count":19,"href":"https:\/\/becodaesperanca.org\/index.php?rest_route=\/wp\/v2\/pages\/100\/revisions"}],"predecessor-version":[{"id":809,"href":"https:\/\/becodaesperanca.org\/index.php?rest_route=\/wp\/v2\/pages\/100\/revisions\/809"}],"wp:featuredmedia":[{"embeddable":true,"href":"https:\/\/becodaesperanca.org\/index.php?rest_route=\/wp\/v2\/media\/366"}],"wp:attachment":[{"href":"https:\/\/becodaesperanca.org\/index.php?rest_route=%2Fwp%2Fv2%2Fmedia&parent=100"}],"curies":[{"name":"wp","href":"https:\/\/api.w.org\/{rel}","templated":true}]}}